{"id":3528,"date":"2022-08-25T21:03:52","date_gmt":"2022-08-25T19:03:52","guid":{"rendered":"https:\/\/skm.mk\/?page_id=3528"},"modified":"2025-01-15T23:46:36","modified_gmt":"2025-01-15T22:46:36","slug":"partnerski-komori","status":"publish","type":"page","link":"https:\/\/skm.mk\/sq\/kontakt\/partnerski-komori\/","title":{"rendered":"Odat Partnere"},"content":{"rendered":"<div class=\"partnerski_komori\">\n<p><a href=\"https:\/\/www.zdravniskazbornica.si\/\" target=\"_blank\" rel=\"noopener noreferrer\"><br \/>\n<img loading=\"lazy\" decoding=\"async\" class=\"alignleft wp-image-955\" src=\"https:\/\/skm.mk\/wp-content\/uploads\/2022\/08\/capture11.png\" alt=\"Zdravni\u0161ka zbornica Slovenije\" width=\"80\" height=\"80\" \/><br \/>\nZdravni\u0161ka zbornica Slovenije<br \/>\n<\/a><\/p>\n<p><a href=\"http:\/\/www.hkdm.hr\/\" target=\"_blank\" rel=\"noopener noreferrer\"><br \/>\n<img loading=\"lazy\" decoding=\"async\" class=\"size-full wp-image-959 alignleft\" src=\"https:\/\/skm.mk\/wp-content\/uploads\/2022\/08\/centar1.jpg\" alt=\"\" width=\"80\" height=\"80\" \/><br \/>\nHrvatska Komora Dentalne Medicine<br \/>\n<\/a><br \/>\n<a href=\"http:\/\/stomkomcg.me\/\" target=\"_blank\" rel=\"noopener noreferrer\"><br \/>\n<img loading=\"lazy\" decoding=\"async\" class=\"size-full wp-image-949 alignleft\" src=\"https:\/\/skm.mk\/wp-content\/uploads\/2022\/08\/capturexx-1.png\" alt=\"\" width=\"80\" height=\"80\" \/><br \/>\nStomatolo\u0161ka komora Crne Gore<br \/>\n<\/a><br \/>\n<a href=\"http:\/\/stomatoloskakomora.ba\/bh\/\" target=\"_blank\" rel=\"noopener noreferrer\"><br \/>\n<img loading=\"lazy\" decoding=\"async\" class=\"size-full wp-image-949 alignleft\" src=\"https:\/\/skm.mk\/wp-content\/uploads\/2022\/08\/admin-ajax1.png\" alt=\"\" width=\"80\" height=\"80\" \/><br \/>\nStomatolo\u0161ka Komora FBiH<br \/>\n<\/a><br \/>\n<a href=\"http:\/\/www.stomkoms.org\/\" target=\"_blank\" rel=\"noopener noreferrer\"><br \/>\n<img loading=\"lazy\" decoding=\"async\" class=\"size-full wp-image-957 alignleft\" src=\"https:\/\/skm.mk\/wp-content\/uploads\/2022\/08\/capture-1.png\" alt=\"\" width=\"80\" height=\"80\" \/><br \/>\n\u0421\u0442\u043e\u043c\u0430\u0442\u043e\u043b\u043e\u0448\u043a\u0430 \u041a\u043e\u043c\u043e\u0440\u0430 \u0421\u0440\u0431\u0438\u0458\u0435<br \/>\n<\/a><br \/>\n<a href=\"http:\/\/bzs.bg\/\" target=\"_blank\" rel=\"noopener noreferrer\"><br \/>\n<img loading=\"lazy\" decoding=\"async\" class=\"size-full wp-image-953 alignleft\" src=\"https:\/\/skm.mk\/wp-content\/uploads\/2022\/08\/asdasd-1.png\" alt=\"\" width=\"80\" height=\"80\" \/><br \/>\n\u0411\u044a\u043b\u0433\u0440\u0441\u043a\u0438 \u0437\u044a\u0431\u043e\u043b\u0435\u043a\u0430\u0440\u0441\u043a\u0438 \u0441\u044a\u044e\u0437<br \/>\n<\/a><\/p>\n<\/div>","protected":false},"excerpt":{"rendered":"<p>Zdravni\u0161ka zbornica Slovenije Hrvatska Komora Dentalne Medicine Stomatolo\u0161ka komora Crne Gore Stomatolo\u0161ka Komora FBiH \u0421\u0442\u043e\u043c\u0430\u0442\u043e\u043b\u043e\u0448\u043a\u0430 \u041a\u043e\u043c\u043e\u0440\u0430 \u0421\u0440\u0431\u0438\u0458\u0435 \u0411\u044a\u043b\u0433\u0440\u0441\u043a\u0438 \u0437\u044a\u0431\u043e\u043b\u0435\u043a\u0430\u0440\u0441\u043a\u0438 \u0441\u044a\u044e\u0437<\/p>","protected":false},"author":1,"featured_media":0,"parent":1080,"menu_order":0,"comment_status":"closed","ping_status":"closed","template":"","meta":{"footnotes":""},"class_list":["post-3528","page","type-page","status-publish","hentry","description-off"],"yoast_head":"<!-- This site is optimized with the Yoast SEO plugin v26.9 - https:\/\/yoast.com\/product\/yoast-seo-wordpress\/ -->\n<title>\u041f\u0430\u0440\u0442\u043d\u0435\u0440\u0441\u043a\u0438 \u043a\u043e\u043c\u043e\u0440\u0438 - \u0421\u0442\u043e\u043c\u0430\u0442\u043e\u043b\u043e\u0448\u043a\u0430 \u043a\u043e\u043c\u043e\u0440\u0430 \u043d\u0430 \u041c\u0430\u043a\u0435\u0434\u043e\u043d\u0438\u0458\u0430<\/title>\n<meta name=\"robots\" content=\"index, follow, max-snippet:-1, max-image-preview:large, max-video-preview:-1\" \/>\n<link rel=\"canonical\" href=\"https:\/\/skm.mk\/sq\/kontakt\/partnerski-komori\/\" \/>\n<meta property=\"og:locale\" content=\"sq_AL\" \/>\n<meta property=\"og:type\" content=\"article\" \/>\n<meta property=\"og:title\" content=\"\u041f\u0430\u0440\u0442\u043d\u0435\u0440\u0441\u043a\u0438 \u043a\u043e\u043c\u043e\u0440\u0438 - \u0421\u0442\u043e\u043c\u0430\u0442\u043e\u043b\u043e\u0448\u043a\u0430 \u043a\u043e\u043c\u043e\u0440\u0430 \u043d\u0430 \u041c\u0430\u043a\u0435\u0434\u043e\u043d\u0438\u0458\u0430\" \/>\n<meta property=\"og:description\" content=\"Zdravni\u0161ka zbornica Slovenije Hrvatska Komora Dentalne Medicine Stomatolo\u0161ka komora Crne Gore Stomatolo\u0161ka Komora FBiH \u0421\u0442\u043e\u043c\u0430\u0442\u043e\u043b\u043e\u0448\u043a\u0430 \u041a\u043e\u043c\u043e\u0440\u0430 \u0421\u0440\u0431\u0438\u0458\u0435 \u0411\u044a\u043b\u0433\u0440\u0441\u043a\u0438 \u0437\u044a\u0431\u043e\u043b\u0435\u043a\u0430\u0440\u0441\u043a\u0438 \u0441\u044a\u044e\u0437\" \/>\n<meta property=\"og:url\" content=\"https:\/\/skm.mk\/sq\/kontakt\/partnerski-komori\/\" \/>\n<meta property=\"og:site_name\" content=\"\u0421\u0442\u043e\u043c\u0430\u0442\u043e\u043b\u043e\u0448\u043a\u0430 \u043a\u043e\u043c\u043e\u0440\u0430 \u043d\u0430 \u041c\u0430\u043a\u0435\u0434\u043e\u043d\u0438\u0458\u0430\" \/>\n<meta property=\"article:publisher\" content=\"https:\/\/www.facebook.com\/stom.komora\/\" \/>\n<meta property=\"article:modified_time\" content=\"2025-01-15T22:46:36+00:00\" \/>\n<meta property=\"og:image\" content=\"https:\/\/skm.mk\/wp-content\/uploads\/2025\/01\/skm-mk-logo.png\" \/>\n\t<meta property=\"og:image:width\" content=\"1122\" \/>\n\t<meta property=\"og:image:height\" content=\"1112\" \/>\n\t<meta property=\"og:image:type\" content=\"image\/png\" \/>\n<meta name=\"twitter:card\" content=\"summary_large_image\" \/>\n<meta name=\"twitter:label1\" content=\"Est. reading time\" \/>\n\t<meta name=\"twitter:data1\" content=\"2 minuta\" \/>\n<script type=\"application\/ld+json\" class=\"yoast-schema-graph\">{\"@context\":\"https:\/\/schema.org\",\"@graph\":[{\"@type\":\"WebPage\",\"@id\":\"https:\/\/skm.mk\/kontakt\/partnerski-komori\/\",\"url\":\"https:\/\/skm.mk\/kontakt\/partnerski-komori\/\",\"name\":\"\u041f\u0430\u0440\u0442\u043d\u0435\u0440\u0441\u043a\u0438 \u043a\u043e\u043c\u043e\u0440\u0438 - \u0421\u0442\u043e\u043c\u0430\u0442\u043e\u043b\u043e\u0448\u043a\u0430 \u043a\u043e\u043c\u043e\u0440\u0430 \u043d\u0430 \u041c\u0430\u043a\u0435\u0434\u043e\u043d\u0438\u0458\u0430\",\"isPartOf\":{\"@id\":\"https:\/\/skm.mk\/#website\"},\"primaryImageOfPage\":{\"@id\":\"https:\/\/skm.mk\/kontakt\/partnerski-komori\/#primaryimage\"},\"image\":{\"@id\":\"https:\/\/skm.mk\/kontakt\/partnerski-komori\/#primaryimage\"},\"thumbnailUrl\":\"https:\/\/skm.mk\/wp-content\/uploads\/2022\/08\/capture11.png\",\"datePublished\":\"2022-08-25T19:03:52+00:00\",\"dateModified\":\"2025-01-15T22:46:36+00:00\",\"breadcrumb\":{\"@id\":\"https:\/\/skm.mk\/kontakt\/partnerski-komori\/#breadcrumb\"},\"inLanguage\":\"sq\",\"potentialAction\":[{\"@type\":\"ReadAction\",\"target\":[\"https:\/\/skm.mk\/kontakt\/partnerski-komori\/\"]}]},{\"@type\":\"ImageObject\",\"inLanguage\":\"sq\",\"@id\":\"https:\/\/skm.mk\/kontakt\/partnerski-komori\/#primaryimage\",\"url\":\"https:\/\/skm.mk\/wp-content\/uploads\/2022\/08\/capture11.png\",\"contentUrl\":\"https:\/\/skm.mk\/wp-content\/uploads\/2022\/08\/capture11.png\"},{\"@type\":\"BreadcrumbList\",\"@id\":\"https:\/\/skm.mk\/kontakt\/partnerski-komori\/#breadcrumb\",\"itemListElement\":[{\"@type\":\"ListItem\",\"position\":1,\"name\":\"Home\",\"item\":\"https:\/\/skm.mk\/\"},{\"@type\":\"ListItem\",\"position\":2,\"name\":\"\u041a\u043e\u043d\u0442\u0430\u043a\u0442\",\"item\":\"https:\/\/skm.mk\/kontakt\/\"},{\"@type\":\"ListItem\",\"position\":3,\"name\":\"\u041f\u0430\u0440\u0442\u043d\u0435\u0440\u0441\u043a\u0438 \u043a\u043e\u043c\u043e\u0440\u0438\"}]},{\"@type\":\"WebSite\",\"@id\":\"https:\/\/skm.mk\/#website\",\"url\":\"https:\/\/skm.mk\/\",\"name\":\"\u0421\u0442\u043e\u043c\u0430\u0442\u043e\u043b\u043e\u0448\u043a\u0430 \u043a\u043e\u043c\u043e\u0440\u0430 \u043d\u0430 \u041c\u0430\u043a\u0435\u0434\u043e\u043d\u0438\u0458\u0430\",\"description\":\"\",\"potentialAction\":[{\"@type\":\"SearchAction\",\"target\":{\"@type\":\"EntryPoint\",\"urlTemplate\":\"https:\/\/skm.mk\/?s={search_term_string}\"},\"query-input\":{\"@type\":\"PropertyValueSpecification\",\"valueRequired\":true,\"valueName\":\"search_term_string\"}}],\"inLanguage\":\"sq\"}]}<\/script>\n<!-- \/ Yoast SEO plugin. -->","yoast_head_json":{"title":"\u041f\u0430\u0440\u0442\u043d\u0435\u0440\u0441\u043a\u0438 \u043a\u043e\u043c\u043e\u0440\u0438 - \u0421\u0442\u043e\u043c\u0430\u0442\u043e\u043b\u043e\u0448\u043a\u0430 \u043a\u043e\u043c\u043e\u0440\u0430 \u043d\u0430 \u041c\u0430\u043a\u0435\u0434\u043e\u043d\u0438\u0458\u0430","robots":{"index":"index","follow":"follow","max-snippet":"max-snippet:-1","max-image-preview":"max-image-preview:large","max-video-preview":"max-video-preview:-1"},"canonical":"https:\/\/skm.mk\/sq\/kontakt\/partnerski-komori\/","og_locale":"sq_AL","og_type":"article","og_title":"\u041f\u0430\u0440\u0442\u043d\u0435\u0440\u0441\u043a\u0438 \u043a\u043e\u043c\u043e\u0440\u0438 - \u0421\u0442\u043e\u043c\u0430\u0442\u043e\u043b\u043e\u0448\u043a\u0430 \u043a\u043e\u043c\u043e\u0440\u0430 \u043d\u0430 \u041c\u0430\u043a\u0435\u0434\u043e\u043d\u0438\u0458\u0430","og_description":"Zdravni\u0161ka zbornica Slovenije Hrvatska Komora Dentalne Medicine Stomatolo\u0161ka komora Crne Gore Stomatolo\u0161ka Komora FBiH \u0421\u0442\u043e\u043c\u0430\u0442\u043e\u043b\u043e\u0448\u043a\u0430 \u041a\u043e\u043c\u043e\u0440\u0430 \u0421\u0440\u0431\u0438\u0458\u0435 \u0411\u044a\u043b\u0433\u0440\u0441\u043a\u0438 \u0437\u044a\u0431\u043e\u043b\u0435\u043a\u0430\u0440\u0441\u043a\u0438 \u0441\u044a\u044e\u0437","og_url":"https:\/\/skm.mk\/sq\/kontakt\/partnerski-komori\/","og_site_name":"\u0421\u0442\u043e\u043c\u0430\u0442\u043e\u043b\u043e\u0448\u043a\u0430 \u043a\u043e\u043c\u043e\u0440\u0430 \u043d\u0430 \u041c\u0430\u043a\u0435\u0434\u043e\u043d\u0438\u0458\u0430","article_publisher":"https:\/\/www.facebook.com\/stom.komora\/","article_modified_time":"2025-01-15T22:46:36+00:00","og_image":[{"width":1122,"height":1112,"url":"https:\/\/skm.mk\/wp-content\/uploads\/2025\/01\/skm-mk-logo.png","type":"image\/png"}],"twitter_card":"summary_large_image","twitter_misc":{"Est. reading time":"2 minuta"},"schema":{"@context":"https:\/\/schema.org","@graph":[{"@type":"WebPage","@id":"https:\/\/skm.mk\/kontakt\/partnerski-komori\/","url":"https:\/\/skm.mk\/kontakt\/partnerski-komori\/","name":"\u041f\u0430\u0440\u0442\u043d\u0435\u0440\u0441\u043a\u0438 \u043a\u043e\u043c\u043e\u0440\u0438 - \u0421\u0442\u043e\u043c\u0430\u0442\u043e\u043b\u043e\u0448\u043a\u0430 \u043a\u043e\u043c\u043e\u0440\u0430 \u043d\u0430 \u041c\u0430\u043a\u0435\u0434\u043e\u043d\u0438\u0458\u0430","isPartOf":{"@id":"https:\/\/skm.mk\/#website"},"primaryImageOfPage":{"@id":"https:\/\/skm.mk\/kontakt\/partnerski-komori\/#primaryimage"},"image":{"@id":"https:\/\/skm.mk\/kontakt\/partnerski-komori\/#primaryimage"},"thumbnailUrl":"https:\/\/skm.mk\/wp-content\/uploads\/2022\/08\/capture11.png","datePublished":"2022-08-25T19:03:52+00:00","dateModified":"2025-01-15T22:46:36+00:00","breadcrumb":{"@id":"https:\/\/skm.mk\/kontakt\/partnerski-komori\/#breadcrumb"},"inLanguage":"sq","potentialAction":[{"@type":"ReadAction","target":["https:\/\/skm.mk\/kontakt\/partnerski-komori\/"]}]},{"@type":"ImageObject","inLanguage":"sq","@id":"https:\/\/skm.mk\/kontakt\/partnerski-komori\/#primaryimage","url":"https:\/\/skm.mk\/wp-content\/uploads\/2022\/08\/capture11.png","contentUrl":"https:\/\/skm.mk\/wp-content\/uploads\/2022\/08\/capture11.png"},{"@type":"BreadcrumbList","@id":"https:\/\/skm.mk\/kontakt\/partnerski-komori\/#breadcrumb","itemListElement":[{"@type":"ListItem","position":1,"name":"Home","item":"https:\/\/skm.mk\/"},{"@type":"ListItem","position":2,"name":"\u041a\u043e\u043d\u0442\u0430\u043a\u0442","item":"https:\/\/skm.mk\/kontakt\/"},{"@type":"ListItem","position":3,"name":"\u041f\u0430\u0440\u0442\u043d\u0435\u0440\u0441\u043a\u0438 \u043a\u043e\u043c\u043e\u0440\u0438"}]},{"@type":"WebSite","@id":"https:\/\/skm.mk\/#website","url":"https:\/\/skm.mk\/","name":"\u0421\u0442\u043e\u043c\u0430\u0442\u043e\u043b\u043e\u0448\u043a\u0430 \u043a\u043e\u043c\u043e\u0440\u0430 \u043d\u0430 \u041c\u0430\u043a\u0435\u0434\u043e\u043d\u0438\u0458\u0430","description":"","potentialAction":[{"@type":"SearchAction","target":{"@type":"EntryPoint","urlTemplate":"https:\/\/skm.mk\/?s={search_term_string}"},"query-input":{"@type":"PropertyValueSpecification","valueRequired":true,"valueName":"search_term_string"}}],"inLanguage":"sq"}]}},"_links":{"self":[{"href":"https:\/\/skm.mk\/sq\/wp-json\/wp\/v2\/pages\/3528","targetHints":{"allow":["GET"]}}],"collection":[{"href":"https:\/\/skm.mk\/sq\/wp-json\/wp\/v2\/pages"}],"about":[{"href":"https:\/\/skm.mk\/sq\/wp-json\/wp\/v2\/types\/page"}],"author":[{"embeddable":true,"href":"https:\/\/skm.mk\/sq\/wp-json\/wp\/v2\/users\/1"}],"replies":[{"embeddable":true,"href":"https:\/\/skm.mk\/sq\/wp-json\/wp\/v2\/comments?post=3528"}],"version-history":[{"count":1,"href":"https:\/\/skm.mk\/sq\/wp-json\/wp\/v2\/pages\/3528\/revisions"}],"predecessor-version":[{"id":6624,"href":"https:\/\/skm.mk\/sq\/wp-json\/wp\/v2\/pages\/3528\/revisions\/6624"}],"up":[{"embeddable":true,"href":"https:\/\/skm.mk\/sq\/wp-json\/wp\/v2\/pages\/1080"}],"wp:attachment":[{"href":"https:\/\/skm.mk\/sq\/wp-json\/wp\/v2\/media?parent=3528"}],"curies":[{"name":"wp","href":"https:\/\/api.w.org\/{rel}","templated":true}]}}